{"id":4927,"date":"2024-10-15T11:40:24","date_gmt":"2024-10-15T09:40:24","guid":{"rendered":"https:\/\/www.capvision.fr\/negoce\/"},"modified":"2024-10-25T17:16:25","modified_gmt":"2024-10-25T15:16:25","slug":"trading-business","status":"publish","type":"page","link":"https:\/\/www.capvision.fr\/en\/solutions\/industries\/trading-business\/","title":{"rendered":"Trading Business"},"content":{"rendered":"<div class=\"wp-post-content\"><!-- zone:zn_pagebanner [0] --><br \/>\n\t\t<!-- \/zone:zn_pagebanner [0] --><br \/>\n<!-- zone:zn_text_img [2] --><\/p>\n<h2><mark class=\"highlight-text\">The evolution of trading <\/mark> and new challenges<\/h2>\n<p>Today&rsquo;s retail sector is facing significant challenges linked to changing customer expectations, the digitalization of processes and the need for efficient management of stocks and operations. To meet these challenges, it is crucial to adopt technology solutions that offer flexibility, integration and efficiency.<\/p>\n<p><a class=\"primary button\" href=\"https:\/\/www.capvision.fr\/en\/solutions\/management-software\/microsoft-dynamics-365-business-central\/\"><span style=\"font-weight: 400;\">Find out more about Microsoft Dynamics 365 Business Central <\/span><\/a><\/p>\n<p><!-- \/zone:zn_text_img [2] --><br \/>\n<!-- zone:zn_text_img [7] --><\/p>\n<h2>Cap Vision&nbsp;: <mark class=\"highlight-text\">your partner <\/mark> for a successful transformation<\/h2>\n<p>At CAP Vision, we understand the importance of high-performance tools for managing your trading business. We are committed to helping you implement Dynamics 365 Business Central to modernize your processes, improve your stock management and optimize your customer relationships.<\/p>\n<p>We&rsquo;ll provide you with a personalized demonstration and advice tailored to your specific needs.<\/p>\n<p>Contact us today to find out how Dynamics 365 Business Central can revolutionize your trading business!<\/p>\n<p><a class=\"button gradient\" href=\"https:\/\/www.capvision.fr\/en\/contact\/\">Want to talk&nbsp;?<\/a><\/p>\n<p>&nbsp;<\/p>\n<p><!-- \/zone:zn_text_img [7] -->\n<\/div>\n","protected":false},"excerpt":{"rendered":"<p>The evolution of trading and new challenges Today&rsquo;s retail sector is facing significant challenges linked to changing customer expectations, the digitalization of processes and the need for efficient management of [&hellip;]<\/p>\n","protected":false},"author":2,"featured_media":2881,"parent":5234,"menu_order":5,"comment_status":"closed","ping_status":"closed","template":"universe.php","meta":{"_acf_changed":false,"footnotes":""},"class_list":["post-4927","page","type-page","status-publish","has-post-thumbnail","hentry","wp-sticky"],"acf":[],"yoast_head":"<!-- This site is optimized with the Yoast SEO plugin v27.4 - https:\/\/yoast.com\/product\/yoast-seo-wordpress\/ -->\n<title>Our ERP for your Trade &amp; Wholesale business - Microsoft Dynamics 365 Business Central | CAP Vision<\/title>\n<meta name=\"description\" content=\"Discover CAP Vision ERP for the Trade sector: Optimization of purchasing &amp; sales \u2714\ufe0f Logistics &amp; stock management \u2714\ufe0fIntegration Online shop &amp; marketing tools \u2714\ufe0f\" \/>\n<meta name=\"robots\" content=\"index, follow, max-snippet:-1, max-image-preview:large, max-video-preview:-1\" \/>\n<link rel=\"canonical\" href=\"https:\/\/www.capvision.fr\/en\/solutions\/industries\/trading-business\/\" \/>\n<meta property=\"og:locale\" content=\"en_US\" \/>\n<meta property=\"og:type\" content=\"article\" \/>\n<meta property=\"og:title\" content=\"Our ERP for your Trade &amp; Wholesale business - Microsoft Dynamics 365 Business Central | CAP Vision\" \/>\n<meta property=\"og:description\" content=\"Discover CAP Vision ERP for the Trade sector: Optimization of purchasing &amp; sales \u2714\ufe0f Logistics &amp; stock management \u2714\ufe0fIntegration Online shop &amp; marketing tools \u2714\ufe0f\" \/>\n<meta property=\"og:url\" content=\"https:\/\/www.capvision.fr\/en\/solutions\/industries\/trading-business\/\" \/>\n<meta property=\"og:site_name\" content=\"CAP Vision\" \/>\n<meta property=\"article:publisher\" content=\"https:\/\/www.facebook.com\/cap.vision.erp\/\" \/>\n<meta property=\"article:modified_time\" content=\"2024-10-25T15:16:25+00:00\" \/>\n<meta property=\"og:image\" content=\"https:\/\/www.capvision.fr\/wp-inside\/uploads\/2024\/10\/negoce-1.jpg\" \/>\n\t<meta property=\"og:image:width\" content=\"2000\" \/>\n\t<meta property=\"og:image:height\" content=\"1500\" \/>\n\t<meta property=\"og:image:type\" content=\"image\/jpeg\" \/>\n<meta name=\"twitter:card\" content=\"summary_large_image\" \/>\n<meta name=\"twitter:site\" content=\"@CapVisionErp\" \/>\n<meta name=\"twitter:label1\" content=\"Est. reading time\" \/>\n\t<meta name=\"twitter:data1\" content=\"1 minute\" \/>\n<script type=\"application\/ld+json\" class=\"yoast-schema-graph\">{\"@context\":\"https:\\\/\\\/schema.org\",\"@graph\":[{\"@type\":\"WebPage\",\"@id\":\"https:\\\/\\\/www.capvision.fr\\\/en\\\/solutions\\\/industries\\\/trading-business\\\/\",\"url\":\"https:\\\/\\\/www.capvision.fr\\\/en\\\/solutions\\\/industries\\\/trading-business\\\/\",\"name\":\"Our ERP for your Trade & Wholesale business - Microsoft Dynamics 365 Business Central\",\"isPartOf\":{\"@id\":\"https:\\\/\\\/www.capvision.fr\\\/en\\\/#website\"},\"primaryImageOfPage\":{\"@id\":\"https:\\\/\\\/www.capvision.fr\\\/en\\\/solutions\\\/industries\\\/trading-business\\\/#primaryimage\"},\"image\":{\"@id\":\"https:\\\/\\\/www.capvision.fr\\\/en\\\/solutions\\\/industries\\\/trading-business\\\/#primaryimage\"},\"thumbnailUrl\":\"https:\\\/\\\/www.capvision.fr\\\/wp-inside\\\/uploads\\\/2024\\\/10\\\/negoce-1.jpg\",\"datePublished\":\"2024-10-15T09:40:24+00:00\",\"dateModified\":\"2024-10-25T15:16:25+00:00\",\"description\":\"Discover CAP Vision ERP for the Trade sector: Optimization of purchasing & sales \u2714\ufe0f Logistics & stock management \u2714\ufe0fIntegration Online shop & marketing tools \u2714\ufe0f\",\"breadcrumb\":{\"@id\":\"https:\\\/\\\/www.capvision.fr\\\/en\\\/solutions\\\/industries\\\/trading-business\\\/#breadcrumb\"},\"inLanguage\":\"en-US\",\"potentialAction\":[{\"@type\":\"ReadAction\",\"target\":[\"https:\\\/\\\/www.capvision.fr\\\/en\\\/solutions\\\/industries\\\/trading-business\\\/\"]}]},{\"@type\":\"ImageObject\",\"inLanguage\":\"en-US\",\"@id\":\"https:\\\/\\\/www.capvision.fr\\\/en\\\/solutions\\\/industries\\\/trading-business\\\/#primaryimage\",\"url\":\"https:\\\/\\\/www.capvision.fr\\\/wp-inside\\\/uploads\\\/2024\\\/10\\\/negoce-1.jpg\",\"contentUrl\":\"https:\\\/\\\/www.capvision.fr\\\/wp-inside\\\/uploads\\\/2024\\\/10\\\/negoce-1.jpg\",\"width\":2000,\"height\":1500,\"caption\":\"D\u00e9couvrez l'ERP Business Central pour les m\u00e9tiers de n\u00e9goce\"},{\"@type\":\"BreadcrumbList\",\"@id\":\"https:\\\/\\\/www.capvision.fr\\\/en\\\/solutions\\\/industries\\\/trading-business\\\/#breadcrumb\",\"itemListElement\":[{\"@type\":\"ListItem\",\"position\":1,\"name\":\"Home\",\"item\":\"https:\\\/\\\/www.capvision.fr\\\/en\\\/\"},{\"@type\":\"ListItem\",\"position\":2,\"name\":\"Solutions\",\"item\":\"https:\\\/\\\/www.capvision.fr\\\/en\\\/solutions\\\/\"},{\"@type\":\"ListItem\",\"position\":3,\"name\":\"Industry-Specific Software\",\"item\":\"https:\\\/\\\/www.capvision.fr\\\/en\\\/solutions\\\/industries\\\/\"},{\"@type\":\"ListItem\",\"position\":4,\"name\":\"Trading Business\"}]},{\"@type\":\"WebSite\",\"@id\":\"https:\\\/\\\/www.capvision.fr\\\/en\\\/#website\",\"url\":\"https:\\\/\\\/www.capvision.fr\\\/en\\\/\",\"name\":\"CAP Vision\",\"description\":\"Int\u00e9grateur Microsoft Dynamics 365 Business Central\",\"publisher\":{\"@id\":\"https:\\\/\\\/www.capvision.fr\\\/en\\\/#organization\"},\"potentialAction\":[{\"@type\":\"SearchAction\",\"target\":{\"@type\":\"EntryPoint\",\"urlTemplate\":\"https:\\\/\\\/www.capvision.fr\\\/en\\\/?s={search_term_string}\"},\"query-input\":{\"@type\":\"PropertyValueSpecification\",\"valueRequired\":true,\"valueName\":\"search_term_string\"}}],\"inLanguage\":\"en-US\"},{\"@type\":\"Organization\",\"@id\":\"https:\\\/\\\/www.capvision.fr\\\/en\\\/#organization\",\"name\":\"CAP Vision\",\"url\":\"https:\\\/\\\/www.capvision.fr\\\/en\\\/\",\"logo\":{\"@type\":\"ImageObject\",\"inLanguage\":\"en-US\",\"@id\":\"https:\\\/\\\/www.capvision.fr\\\/en\\\/#\\\/schema\\\/logo\\\/image\\\/\",\"url\":\"https:\\\/\\\/www.capvision.fr\\\/wp-inside\\\/uploads\\\/2024\\\/10\\\/logo2-cap-vision-maj09-20.png\",\"contentUrl\":\"https:\\\/\\\/www.capvision.fr\\\/wp-inside\\\/uploads\\\/2024\\\/10\\\/logo2-cap-vision-maj09-20.png\",\"width\":1103,\"height\":568,\"caption\":\"CAP Vision\"},\"image\":{\"@id\":\"https:\\\/\\\/www.capvision.fr\\\/en\\\/#\\\/schema\\\/logo\\\/image\\\/\"},\"sameAs\":[\"https:\\\/\\\/www.facebook.com\\\/cap.vision.erp\\\/\",\"https:\\\/\\\/x.com\\\/CapVisionErp\",\"https:\\\/\\\/www.linkedin.com\\\/company\\\/cap-vision\",\"https:\\\/\\\/youtube.com\\\/@capvision-erp\"]}]}<\/script>\n<!-- \/ Yoast SEO plugin. -->","yoast_head_json":{"title":"Our ERP for your Trade & Wholesale business - Microsoft Dynamics 365 Business Central | CAP Vision","description":"Discover CAP Vision ERP for the Trade sector: Optimization of purchasing & sales \u2714\ufe0f Logistics & stock management \u2714\ufe0fIntegration Online shop & marketing tools \u2714\ufe0f","robots":{"index":"index","follow":"follow","max-snippet":"max-snippet:-1","max-image-preview":"max-image-preview:large","max-video-preview":"max-video-preview:-1"},"canonical":"https:\/\/www.capvision.fr\/en\/solutions\/industries\/trading-business\/","og_locale":"en_US","og_type":"article","og_title":"Our ERP for your Trade & Wholesale business - Microsoft Dynamics 365 Business Central | CAP Vision","og_description":"Discover CAP Vision ERP for the Trade sector: Optimization of purchasing & sales \u2714\ufe0f Logistics & stock management \u2714\ufe0fIntegration Online shop & marketing tools \u2714\ufe0f","og_url":"https:\/\/www.capvision.fr\/en\/solutions\/industries\/trading-business\/","og_site_name":"CAP Vision","article_publisher":"https:\/\/www.facebook.com\/cap.vision.erp\/","article_modified_time":"2024-10-25T15:16:25+00:00","og_image":[{"width":2000,"height":1500,"url":"https:\/\/www.capvision.fr\/wp-inside\/uploads\/2024\/10\/negoce-1.jpg","type":"image\/jpeg"}],"twitter_card":"summary_large_image","twitter_site":"@CapVisionErp","twitter_misc":{"Est. reading time":"1 minute"},"schema":{"@context":"https:\/\/schema.org","@graph":[{"@type":"WebPage","@id":"https:\/\/www.capvision.fr\/en\/solutions\/industries\/trading-business\/","url":"https:\/\/www.capvision.fr\/en\/solutions\/industries\/trading-business\/","name":"Our ERP for your Trade & Wholesale business - Microsoft Dynamics 365 Business Central","isPartOf":{"@id":"https:\/\/www.capvision.fr\/en\/#website"},"primaryImageOfPage":{"@id":"https:\/\/www.capvision.fr\/en\/solutions\/industries\/trading-business\/#primaryimage"},"image":{"@id":"https:\/\/www.capvision.fr\/en\/solutions\/industries\/trading-business\/#primaryimage"},"thumbnailUrl":"https:\/\/www.capvision.fr\/wp-inside\/uploads\/2024\/10\/negoce-1.jpg","datePublished":"2024-10-15T09:40:24+00:00","dateModified":"2024-10-25T15:16:25+00:00","description":"Discover CAP Vision ERP for the Trade sector: Optimization of purchasing & sales \u2714\ufe0f Logistics & stock management \u2714\ufe0fIntegration Online shop & marketing tools \u2714\ufe0f","breadcrumb":{"@id":"https:\/\/www.capvision.fr\/en\/solutions\/industries\/trading-business\/#breadcrumb"},"inLanguage":"en-US","potentialAction":[{"@type":"ReadAction","target":["https:\/\/www.capvision.fr\/en\/solutions\/industries\/trading-business\/"]}]},{"@type":"ImageObject","inLanguage":"en-US","@id":"https:\/\/www.capvision.fr\/en\/solutions\/industries\/trading-business\/#primaryimage","url":"https:\/\/www.capvision.fr\/wp-inside\/uploads\/2024\/10\/negoce-1.jpg","contentUrl":"https:\/\/www.capvision.fr\/wp-inside\/uploads\/2024\/10\/negoce-1.jpg","width":2000,"height":1500,"caption":"D\u00e9couvrez l'ERP Business Central pour les m\u00e9tiers de n\u00e9goce"},{"@type":"BreadcrumbList","@id":"https:\/\/www.capvision.fr\/en\/solutions\/industries\/trading-business\/#breadcrumb","itemListElement":[{"@type":"ListItem","position":1,"name":"Home","item":"https:\/\/www.capvision.fr\/en\/"},{"@type":"ListItem","position":2,"name":"Solutions","item":"https:\/\/www.capvision.fr\/en\/solutions\/"},{"@type":"ListItem","position":3,"name":"Industry-Specific Software","item":"https:\/\/www.capvision.fr\/en\/solutions\/industries\/"},{"@type":"ListItem","position":4,"name":"Trading Business"}]},{"@type":"WebSite","@id":"https:\/\/www.capvision.fr\/en\/#website","url":"https:\/\/www.capvision.fr\/en\/","name":"CAP Vision","description":"Int\u00e9grateur Microsoft Dynamics 365 Business Central","publisher":{"@id":"https:\/\/www.capvision.fr\/en\/#organization"},"potentialAction":[{"@type":"SearchAction","target":{"@type":"EntryPoint","urlTemplate":"https:\/\/www.capvision.fr\/en\/?s={search_term_string}"},"query-input":{"@type":"PropertyValueSpecification","valueRequired":true,"valueName":"search_term_string"}}],"inLanguage":"en-US"},{"@type":"Organization","@id":"https:\/\/www.capvision.fr\/en\/#organization","name":"CAP Vision","url":"https:\/\/www.capvision.fr\/en\/","logo":{"@type":"ImageObject","inLanguage":"en-US","@id":"https:\/\/www.capvision.fr\/en\/#\/schema\/logo\/image\/","url":"https:\/\/www.capvision.fr\/wp-inside\/uploads\/2024\/10\/logo2-cap-vision-maj09-20.png","contentUrl":"https:\/\/www.capvision.fr\/wp-inside\/uploads\/2024\/10\/logo2-cap-vision-maj09-20.png","width":1103,"height":568,"caption":"CAP Vision"},"image":{"@id":"https:\/\/www.capvision.fr\/en\/#\/schema\/logo\/image\/"},"sameAs":["https:\/\/www.facebook.com\/cap.vision.erp\/","https:\/\/x.com\/CapVisionErp","https:\/\/www.linkedin.com\/company\/cap-vision","https:\/\/youtube.com\/@capvision-erp"]}]}},"_links":{"self":[{"href":"https:\/\/www.capvision.fr\/en\/wp-json\/wp\/v2\/pages\/4927","targetHints":{"allow":["GET"]}}],"collection":[{"href":"https:\/\/www.capvision.fr\/en\/wp-json\/wp\/v2\/pages"}],"about":[{"href":"https:\/\/www.capvision.fr\/en\/wp-json\/wp\/v2\/types\/page"}],"author":[{"embeddable":true,"href":"https:\/\/www.capvision.fr\/en\/wp-json\/wp\/v2\/users\/2"}],"replies":[{"embeddable":true,"href":"https:\/\/www.capvision.fr\/en\/wp-json\/wp\/v2\/comments?post=4927"}],"version-history":[{"count":9,"href":"https:\/\/www.capvision.fr\/en\/wp-json\/wp\/v2\/pages\/4927\/revisions"}],"predecessor-version":[{"id":5299,"href":"https:\/\/www.capvision.fr\/en\/wp-json\/wp\/v2\/pages\/4927\/revisions\/5299"}],"up":[{"embeddable":true,"href":"https:\/\/www.capvision.fr\/en\/wp-json\/wp\/v2\/pages\/5234"}],"wp:featuredmedia":[{"embeddable":true,"href":"https:\/\/www.capvision.fr\/en\/wp-json\/wp\/v2\/media\/2881"}],"wp:attachment":[{"href":"https:\/\/www.capvision.fr\/en\/wp-json\/wp\/v2\/media?parent=4927"}],"curies":[{"name":"wp","href":"https:\/\/api.w.org\/{rel}","templated":true}]}}