{"id":5020,"date":"2024-09-20T16:12:31","date_gmt":"2024-09-20T14:12:31","guid":{"rendered":"https:\/\/www.capvision.fr\/ressources\/"},"modified":"2024-10-24T14:11:17","modified_gmt":"2024-10-24T12:11:17","slug":"resources","status":"publish","type":"page","link":"https:\/\/www.capvision.fr\/en\/resources\/","title":{"rendered":"Resources"},"content":{"rendered":"<div class=\"wp-post-content\"><!-- zone:zn_pagebanner [0] --><br \/>\n\t\t<!-- \/zone:zn_pagebanner [0] --><br \/>\n<!-- zone:zn_text_img [1] --><\/p>\n<h2>Explore our<mark class=\"highlight-text\"> webinars and tutorials<\/mark><\/h2>\n<p>They offer you interactive sessions and practical guides to master our tools. These resources are designed to help you make the most of our solutions and stay up to date with the latest features. \ud83d\udcfa<\/p>\n<p>Twice a year, we host a webinar directly related to Microsoft\u2019s updates, allowing you to discover new features and engage with our experts.<\/p>\n<p>Please note that these events and videos are available exclusively in French.<\/p>\n<p><a class=\"button secondary\" href=\"https:\/\/www.youtube.com\/@capvision-erp\">Subscribe to the YouTube channel<\/a><\/p>\n<p>&nbsp;<\/p>\n<p><span style=\"font-weight: 400;\">\u00a0<\/span><\/p>\n<p><!-- \/zone:zn_text_img [1] --><br \/>\n<!-- zone:zn_text_img [2] --><\/p>\n<h2>Do you have <mark class=\"highlight-text\">any questions<\/mark>&nbsp;?<\/h2>\n<p><span style=\"font-weight: 400;\">Check out <strong>our FAQ<\/strong> to find quick answers to the most common questions. If you need personalized assistance, our <strong>support team<\/strong> is ready to help you at every step, ensuring a smooth and efficient experience. \ud83d\ude4b\u200d\u2640\ufe0f\u200d<\/span><span style=\"font-weight: 400;\">\u2640\ufe0f<\/span><\/p>\n<p><a class=\"button secondary\" href=\"https:\/\/www.capvision.fr\/en\/ressources\/faq\/\">Visit the FAQ<\/a><\/p>\n<p>&nbsp;<\/p>\n<p><span style=\"font-weight: 400;\">\u00a0<\/span><\/p>\n<p><!-- \/zone:zn_text_img [2] --><br \/>\n<!-- zone:zn_text_img [3] --><\/p>\n<h2>Your <mark class=\"highlight-text\">Direct Access<\/mark><\/h2>\n<p>For an in-depth understanding of our products, dive into <strong>our customer documentation<\/strong>. This comprehensive library includes manuals, user guides, and technical sheets, allowing you to easily navigate through all our products.<\/p>\n<p><a class=\"button secondary\" href=\"https:\/\/docs.capvision-cloud.fr\/fr-FR\/\">Access the documentation platform<\/a><\/p>\n<p>Finally, discover <strong>our products on App Source<\/strong>, where you can download available extensions and applications to enhance your experience with our solutions. Each extension is designed to complement and improve your work environment. Explore our tools today and transform your business management&nbsp;!<\/p>\n<p><a class=\"button secondary\" href=\"https:\/\/appsource.microsoft.com\/fr-fr\/marketplace\/apps?search=cap%20vision&amp;page=1\">Visit App Source<\/a><\/p>\n<p><!-- \/zone:zn_text_img [3] -->\n<\/div>\n","protected":false},"excerpt":{"rendered":"<p>Explore our webinars and tutorials They offer you interactive sessions and practical guides to master our tools. These resources are designed to help you make the most of our solutions [&hellip;]<\/p>\n","protected":false},"author":2,"featured_media":0,"parent":0,"menu_order":25,"comment_status":"closed","ping_status":"closed","template":"","meta":{"_acf_changed":false,"footnotes":""},"class_list":["post-5020","page","type-page","status-publish","hentry","wp-sticky"],"acf":[],"yoast_head":"<!-- This site is optimized with the Yoast SEO plugin v27.4 - https:\/\/yoast.com\/product\/yoast-seo-wordpress\/ -->\n<title>Webinars, Tutoriels &amp; Formations autour de Microsoft Dynamics 365 | CAP Vision<\/title>\n<meta name=\"description\" content=\"D\u00e9couvrez nos conseils, tutoriels, webinars &amp; formations ! Un espace d\u00e9di\u00e9 \u00e0 vous accompagner dans l\u2019utilisation de nos solutions.\" \/>\n<meta name=\"robots\" content=\"index, follow, max-snippet:-1, max-image-preview:large, max-video-preview:-1\" \/>\n<link rel=\"canonical\" href=\"https:\/\/www.capvision.fr\/en\/resources\/\" \/>\n<meta property=\"og:locale\" content=\"en_US\" \/>\n<meta property=\"og:type\" content=\"article\" \/>\n<meta property=\"og:title\" content=\"Webinars, Tutoriels &amp; Formations autour de Microsoft Dynamics 365 | CAP Vision\" \/>\n<meta property=\"og:description\" content=\"D\u00e9couvrez nos conseils, tutoriels, webinars &amp; formations ! Un espace d\u00e9di\u00e9 \u00e0 vous accompagner dans l\u2019utilisation de nos solutions.\" \/>\n<meta property=\"og:url\" content=\"https:\/\/www.capvision.fr\/en\/resources\/\" \/>\n<meta property=\"og:site_name\" content=\"CAP Vision\" \/>\n<meta property=\"article:publisher\" content=\"https:\/\/www.facebook.com\/cap.vision.erp\/\" \/>\n<meta property=\"article:modified_time\" content=\"2024-10-24T12:11:17+00:00\" \/>\n<meta property=\"og:image\" content=\"https:\/\/www.capvision.fr\/wp-inside\/uploads\/2024\/10\/cap-vision-og.jpg\" \/>\n\t<meta property=\"og:image:width\" content=\"1200\" \/>\n\t<meta property=\"og:image:height\" content=\"675\" \/>\n\t<meta property=\"og:image:type\" content=\"image\/jpeg\" \/>\n<meta name=\"twitter:card\" content=\"summary_large_image\" \/>\n<meta name=\"twitter:site\" content=\"@CapVisionErp\" \/>\n<script type=\"application\/ld+json\" class=\"yoast-schema-graph\">{\"@context\":\"https:\\\/\\\/schema.org\",\"@graph\":[{\"@type\":\"WebPage\",\"@id\":\"https:\\\/\\\/www.capvision.fr\\\/en\\\/resources\\\/\",\"url\":\"https:\\\/\\\/www.capvision.fr\\\/en\\\/resources\\\/\",\"name\":\"Webinars, Tutoriels & Formations autour de Microsoft Dynamics 365\",\"isPartOf\":{\"@id\":\"https:\\\/\\\/www.capvision.fr\\\/en\\\/#website\"},\"datePublished\":\"2024-09-20T14:12:31+00:00\",\"dateModified\":\"2024-10-24T12:11:17+00:00\",\"description\":\"D\u00e9couvrez nos conseils, tutoriels, webinars & formations ! Un espace d\u00e9di\u00e9 \u00e0 vous accompagner dans l\u2019utilisation de nos solutions.\",\"breadcrumb\":{\"@id\":\"https:\\\/\\\/www.capvision.fr\\\/en\\\/resources\\\/#breadcrumb\"},\"inLanguage\":\"en-US\",\"potentialAction\":[{\"@type\":\"ReadAction\",\"target\":[\"https:\\\/\\\/www.capvision.fr\\\/en\\\/resources\\\/\"]}]},{\"@type\":\"BreadcrumbList\",\"@id\":\"https:\\\/\\\/www.capvision.fr\\\/en\\\/resources\\\/#breadcrumb\",\"itemListElement\":[{\"@type\":\"ListItem\",\"position\":1,\"name\":\"Home\",\"item\":\"https:\\\/\\\/www.capvision.fr\\\/en\\\/\"},{\"@type\":\"ListItem\",\"position\":2,\"name\":\"Resources\"}]},{\"@type\":\"WebSite\",\"@id\":\"https:\\\/\\\/www.capvision.fr\\\/en\\\/#website\",\"url\":\"https:\\\/\\\/www.capvision.fr\\\/en\\\/\",\"name\":\"CAP Vision\",\"description\":\"Int\u00e9grateur Microsoft Dynamics 365 Business Central\",\"publisher\":{\"@id\":\"https:\\\/\\\/www.capvision.fr\\\/en\\\/#organization\"},\"potentialAction\":[{\"@type\":\"SearchAction\",\"target\":{\"@type\":\"EntryPoint\",\"urlTemplate\":\"https:\\\/\\\/www.capvision.fr\\\/en\\\/?s={search_term_string}\"},\"query-input\":{\"@type\":\"PropertyValueSpecification\",\"valueRequired\":true,\"valueName\":\"search_term_string\"}}],\"inLanguage\":\"en-US\"},{\"@type\":\"Organization\",\"@id\":\"https:\\\/\\\/www.capvision.fr\\\/en\\\/#organization\",\"name\":\"CAP Vision\",\"url\":\"https:\\\/\\\/www.capvision.fr\\\/en\\\/\",\"logo\":{\"@type\":\"ImageObject\",\"inLanguage\":\"en-US\",\"@id\":\"https:\\\/\\\/www.capvision.fr\\\/en\\\/#\\\/schema\\\/logo\\\/image\\\/\",\"url\":\"https:\\\/\\\/www.capvision.fr\\\/wp-inside\\\/uploads\\\/2024\\\/10\\\/logo2-cap-vision-maj09-20.png\",\"contentUrl\":\"https:\\\/\\\/www.capvision.fr\\\/wp-inside\\\/uploads\\\/2024\\\/10\\\/logo2-cap-vision-maj09-20.png\",\"width\":1103,\"height\":568,\"caption\":\"CAP Vision\"},\"image\":{\"@id\":\"https:\\\/\\\/www.capvision.fr\\\/en\\\/#\\\/schema\\\/logo\\\/image\\\/\"},\"sameAs\":[\"https:\\\/\\\/www.facebook.com\\\/cap.vision.erp\\\/\",\"https:\\\/\\\/x.com\\\/CapVisionErp\",\"https:\\\/\\\/www.linkedin.com\\\/company\\\/cap-vision\",\"https:\\\/\\\/youtube.com\\\/@capvision-erp\"]}]}<\/script>\n<!-- \/ Yoast SEO plugin. -->","yoast_head_json":{"title":"Webinars, Tutoriels & Formations autour de Microsoft Dynamics 365 | CAP Vision","description":"D\u00e9couvrez nos conseils, tutoriels, webinars & formations ! Un espace d\u00e9di\u00e9 \u00e0 vous accompagner dans l\u2019utilisation de nos solutions.","robots":{"index":"index","follow":"follow","max-snippet":"max-snippet:-1","max-image-preview":"max-image-preview:large","max-video-preview":"max-video-preview:-1"},"canonical":"https:\/\/www.capvision.fr\/en\/resources\/","og_locale":"en_US","og_type":"article","og_title":"Webinars, Tutoriels & Formations autour de Microsoft Dynamics 365 | CAP Vision","og_description":"D\u00e9couvrez nos conseils, tutoriels, webinars & formations ! Un espace d\u00e9di\u00e9 \u00e0 vous accompagner dans l\u2019utilisation de nos solutions.","og_url":"https:\/\/www.capvision.fr\/en\/resources\/","og_site_name":"CAP Vision","article_publisher":"https:\/\/www.facebook.com\/cap.vision.erp\/","article_modified_time":"2024-10-24T12:11:17+00:00","og_image":[{"width":1200,"height":675,"url":"https:\/\/www.capvision.fr\/wp-inside\/uploads\/2024\/10\/cap-vision-og.jpg","type":"image\/jpeg"}],"twitter_card":"summary_large_image","twitter_site":"@CapVisionErp","schema":{"@context":"https:\/\/schema.org","@graph":[{"@type":"WebPage","@id":"https:\/\/www.capvision.fr\/en\/resources\/","url":"https:\/\/www.capvision.fr\/en\/resources\/","name":"Webinars, Tutoriels & Formations autour de Microsoft Dynamics 365","isPartOf":{"@id":"https:\/\/www.capvision.fr\/en\/#website"},"datePublished":"2024-09-20T14:12:31+00:00","dateModified":"2024-10-24T12:11:17+00:00","description":"D\u00e9couvrez nos conseils, tutoriels, webinars & formations ! Un espace d\u00e9di\u00e9 \u00e0 vous accompagner dans l\u2019utilisation de nos solutions.","breadcrumb":{"@id":"https:\/\/www.capvision.fr\/en\/resources\/#breadcrumb"},"inLanguage":"en-US","potentialAction":[{"@type":"ReadAction","target":["https:\/\/www.capvision.fr\/en\/resources\/"]}]},{"@type":"BreadcrumbList","@id":"https:\/\/www.capvision.fr\/en\/resources\/#breadcrumb","itemListElement":[{"@type":"ListItem","position":1,"name":"Home","item":"https:\/\/www.capvision.fr\/en\/"},{"@type":"ListItem","position":2,"name":"Resources"}]},{"@type":"WebSite","@id":"https:\/\/www.capvision.fr\/en\/#website","url":"https:\/\/www.capvision.fr\/en\/","name":"CAP Vision","description":"Int\u00e9grateur Microsoft Dynamics 365 Business Central","publisher":{"@id":"https:\/\/www.capvision.fr\/en\/#organization"},"potentialAction":[{"@type":"SearchAction","target":{"@type":"EntryPoint","urlTemplate":"https:\/\/www.capvision.fr\/en\/?s={search_term_string}"},"query-input":{"@type":"PropertyValueSpecification","valueRequired":true,"valueName":"search_term_string"}}],"inLanguage":"en-US"},{"@type":"Organization","@id":"https:\/\/www.capvision.fr\/en\/#organization","name":"CAP Vision","url":"https:\/\/www.capvision.fr\/en\/","logo":{"@type":"ImageObject","inLanguage":"en-US","@id":"https:\/\/www.capvision.fr\/en\/#\/schema\/logo\/image\/","url":"https:\/\/www.capvision.fr\/wp-inside\/uploads\/2024\/10\/logo2-cap-vision-maj09-20.png","contentUrl":"https:\/\/www.capvision.fr\/wp-inside\/uploads\/2024\/10\/logo2-cap-vision-maj09-20.png","width":1103,"height":568,"caption":"CAP Vision"},"image":{"@id":"https:\/\/www.capvision.fr\/en\/#\/schema\/logo\/image\/"},"sameAs":["https:\/\/www.facebook.com\/cap.vision.erp\/","https:\/\/x.com\/CapVisionErp","https:\/\/www.linkedin.com\/company\/cap-vision","https:\/\/youtube.com\/@capvision-erp"]}]}},"_links":{"self":[{"href":"https:\/\/www.capvision.fr\/en\/wp-json\/wp\/v2\/pages\/5020","targetHints":{"allow":["GET"]}}],"collection":[{"href":"https:\/\/www.capvision.fr\/en\/wp-json\/wp\/v2\/pages"}],"about":[{"href":"https:\/\/www.capvision.fr\/en\/wp-json\/wp\/v2\/types\/page"}],"author":[{"embeddable":true,"href":"https:\/\/www.capvision.fr\/en\/wp-json\/wp\/v2\/users\/2"}],"replies":[{"embeddable":true,"href":"https:\/\/www.capvision.fr\/en\/wp-json\/wp\/v2\/comments?post=5020"}],"version-history":[{"count":2,"href":"https:\/\/www.capvision.fr\/en\/wp-json\/wp\/v2\/pages\/5020\/revisions"}],"predecessor-version":[{"id":5022,"href":"https:\/\/www.capvision.fr\/en\/wp-json\/wp\/v2\/pages\/5020\/revisions\/5022"}],"wp:attachment":[{"href":"https:\/\/www.capvision.fr\/en\/wp-json\/wp\/v2\/media?parent=5020"}],"curies":[{"name":"wp","href":"https:\/\/api.w.org\/{rel}","templated":true}]}}