{"id":5023,"date":"2024-10-20T23:47:56","date_gmt":"2024-10-20T21:47:56","guid":{"rendered":"https:\/\/www.capvision.fr\/services\/"},"modified":"2024-10-25T10:34:56","modified_gmt":"2024-10-25T08:34:56","slug":"services","status":"publish","type":"page","link":"https:\/\/www.capvision.fr\/en\/services\/","title":{"rendered":"Services"},"content":{"rendered":"<div class=\"wp-post-content\"><!-- zone:zn_pagebanner [0] --><br \/>\n\t\t<!-- \/zone:zn_pagebanner [0] --><br \/>\n<!-- zone:zn_text_img [1] --><\/p>\n<h2>CAP Vision <mark class=\"highlight-text\">with you every step<\/mark> of the way&nbsp;!<\/h2>\n<p>At CAP Vision, we believe that every project deserves personalized support tailored to your goals.<\/p>\n<p>Our services go beyond integrating your tools. With a team of experts by your side, you benefit from support at every stage: from auditing your needs to training your teams, and migrating your systems to the Microsoft SaaS solution.<\/p>\n<p><!-- \/zone:zn_text_img [1] --><br \/>\n<!-- zone:zn_text_img [2] --><\/p>\n<h2><mark class=\"highlight-text\">Daily assistance with our customer support service&nbsp;!<\/mark><\/h2>\n<p>Our customer support service \ud83d\udcde is at your disposal to ensure the continuity of your operations and answer all your questions.<\/p>\n<p>With our proactive approach, we not only provide reliable solutions but also offer expertise to anticipate your future needs and grow with you.<\/p>\n<p>Explore our services now and discover how we can support your business transformation. \u2728<\/p>\n<p><a class=\"button secondary\" href=\"https:\/\/www.capvision.fr\/services__trashed\/support-client\/\">Learn More<\/a><\/p>\n<p><!-- \/zone:zn_text_img [2] -->\n<\/div>\n","protected":false},"excerpt":{"rendered":"<p>CAP Vision with you every step of the way&nbsp;! At CAP Vision, we believe that every project deserves personalized support tailored to your goals. Our services go beyond integrating your [&hellip;]<\/p>\n","protected":false},"author":2,"featured_media":0,"parent":0,"menu_order":17,"comment_status":"closed","ping_status":"closed","template":"","meta":{"_acf_changed":false,"footnotes":""},"class_list":["post-5023","page","type-page","status-publish","hentry","wp-sticky"],"acf":[],"yoast_head":"<!-- This site is optimized with the Yoast SEO plugin v27.5 - https:\/\/yoast.com\/product\/yoast-seo-wordpress\/ -->\n<title>D\u00e9couvrez nos services : Int\u00e9grateur &amp; \u00e9diteur d&#039;ERP Microsoft Dynamics | CAP Vision<\/title>\n<meta name=\"description\" content=\"Chez CAP Vision nous proposons un accompagnement sur mesure \u2714\ufe0f une assistance au quotidien \u2714\ufe0fun accompagnement d\u00e9di\u00e9 \u00e0 la migration vers Business Central \u2714\ufe0f\" \/>\n<meta name=\"robots\" content=\"index, follow, max-snippet:-1, max-image-preview:large, max-video-preview:-1\" \/>\n<link rel=\"canonical\" href=\"https:\/\/www.capvision.fr\/en\/services\/\" \/>\n<meta property=\"og:locale\" content=\"en_US\" \/>\n<meta property=\"og:type\" content=\"article\" \/>\n<meta property=\"og:title\" content=\"D\u00e9couvrez nos services : Int\u00e9grateur &amp; \u00e9diteur d&#039;ERP Microsoft Dynamics | CAP Vision\" \/>\n<meta property=\"og:description\" content=\"Chez CAP Vision nous proposons un accompagnement sur mesure \u2714\ufe0f une assistance au quotidien \u2714\ufe0fun accompagnement d\u00e9di\u00e9 \u00e0 la migration vers Business Central \u2714\ufe0f\" \/>\n<meta property=\"og:url\" content=\"https:\/\/www.capvision.fr\/en\/services\/\" \/>\n<meta property=\"og:site_name\" content=\"CAP Vision\" \/>\n<meta property=\"article:publisher\" content=\"https:\/\/www.facebook.com\/cap.vision.erp\/\" \/>\n<meta property=\"article:modified_time\" content=\"2024-10-25T08:34:56+00:00\" \/>\n<meta property=\"og:image\" content=\"https:\/\/www.capvision.fr\/wp-inside\/uploads\/2024\/10\/cap-vision-og.jpg\" \/>\n\t<meta property=\"og:image:width\" content=\"1200\" \/>\n\t<meta property=\"og:image:height\" content=\"675\" \/>\n\t<meta property=\"og:image:type\" content=\"image\/jpeg\" \/>\n<meta name=\"twitter:card\" content=\"summary_large_image\" \/>\n<meta name=\"twitter:site\" content=\"@CapVisionErp\" \/>\n<script type=\"application\/ld+json\" class=\"yoast-schema-graph\">{\"@context\":\"https:\\\/\\\/schema.org\",\"@graph\":[{\"@type\":\"WebPage\",\"@id\":\"https:\\\/\\\/www.capvision.fr\\\/en\\\/services\\\/\",\"url\":\"https:\\\/\\\/www.capvision.fr\\\/en\\\/services\\\/\",\"name\":\"D\u00e9couvrez nos services : Int\u00e9grateur & \u00e9diteur d'ERP Microsoft Dynamics\",\"isPartOf\":{\"@id\":\"https:\\\/\\\/www.capvision.fr\\\/en\\\/#website\"},\"datePublished\":\"2024-10-20T21:47:56+00:00\",\"dateModified\":\"2024-10-25T08:34:56+00:00\",\"description\":\"Chez CAP Vision nous proposons un accompagnement sur mesure \u2714\ufe0f une assistance au quotidien \u2714\ufe0fun accompagnement d\u00e9di\u00e9 \u00e0 la migration vers Business Central \u2714\ufe0f\",\"breadcrumb\":{\"@id\":\"https:\\\/\\\/www.capvision.fr\\\/en\\\/services\\\/#breadcrumb\"},\"inLanguage\":\"en-US\",\"potentialAction\":[{\"@type\":\"ReadAction\",\"target\":[\"https:\\\/\\\/www.capvision.fr\\\/en\\\/services\\\/\"]}]},{\"@type\":\"BreadcrumbList\",\"@id\":\"https:\\\/\\\/www.capvision.fr\\\/en\\\/services\\\/#breadcrumb\",\"itemListElement\":[{\"@type\":\"ListItem\",\"position\":1,\"name\":\"Home\",\"item\":\"https:\\\/\\\/www.capvision.fr\\\/en\\\/\"},{\"@type\":\"ListItem\",\"position\":2,\"name\":\"Services\"}]},{\"@type\":\"WebSite\",\"@id\":\"https:\\\/\\\/www.capvision.fr\\\/en\\\/#website\",\"url\":\"https:\\\/\\\/www.capvision.fr\\\/en\\\/\",\"name\":\"CAP Vision\",\"description\":\"Int\u00e9grateur Microsoft Dynamics 365 Business Central\",\"publisher\":{\"@id\":\"https:\\\/\\\/www.capvision.fr\\\/en\\\/#organization\"},\"potentialAction\":[{\"@type\":\"SearchAction\",\"target\":{\"@type\":\"EntryPoint\",\"urlTemplate\":\"https:\\\/\\\/www.capvision.fr\\\/en\\\/?s={search_term_string}\"},\"query-input\":{\"@type\":\"PropertyValueSpecification\",\"valueRequired\":true,\"valueName\":\"search_term_string\"}}],\"inLanguage\":\"en-US\"},{\"@type\":\"Organization\",\"@id\":\"https:\\\/\\\/www.capvision.fr\\\/en\\\/#organization\",\"name\":\"CAP Vision\",\"url\":\"https:\\\/\\\/www.capvision.fr\\\/en\\\/\",\"logo\":{\"@type\":\"ImageObject\",\"inLanguage\":\"en-US\",\"@id\":\"https:\\\/\\\/www.capvision.fr\\\/en\\\/#\\\/schema\\\/logo\\\/image\\\/\",\"url\":\"https:\\\/\\\/www.capvision.fr\\\/wp-inside\\\/uploads\\\/2024\\\/10\\\/logo2-cap-vision-maj09-20.png\",\"contentUrl\":\"https:\\\/\\\/www.capvision.fr\\\/wp-inside\\\/uploads\\\/2024\\\/10\\\/logo2-cap-vision-maj09-20.png\",\"width\":1103,\"height\":568,\"caption\":\"CAP Vision\"},\"image\":{\"@id\":\"https:\\\/\\\/www.capvision.fr\\\/en\\\/#\\\/schema\\\/logo\\\/image\\\/\"},\"sameAs\":[\"https:\\\/\\\/www.facebook.com\\\/cap.vision.erp\\\/\",\"https:\\\/\\\/x.com\\\/CapVisionErp\",\"https:\\\/\\\/www.linkedin.com\\\/company\\\/cap-vision\",\"https:\\\/\\\/youtube.com\\\/@capvision-erp\"]}]}<\/script>\n<!-- \/ Yoast SEO plugin. -->","yoast_head_json":{"title":"D\u00e9couvrez nos services : Int\u00e9grateur & \u00e9diteur d'ERP Microsoft Dynamics | CAP Vision","description":"Chez CAP Vision nous proposons un accompagnement sur mesure \u2714\ufe0f une assistance au quotidien \u2714\ufe0fun accompagnement d\u00e9di\u00e9 \u00e0 la migration vers Business Central \u2714\ufe0f","robots":{"index":"index","follow":"follow","max-snippet":"max-snippet:-1","max-image-preview":"max-image-preview:large","max-video-preview":"max-video-preview:-1"},"canonical":"https:\/\/www.capvision.fr\/en\/services\/","og_locale":"en_US","og_type":"article","og_title":"D\u00e9couvrez nos services : Int\u00e9grateur & \u00e9diteur d'ERP Microsoft Dynamics | CAP Vision","og_description":"Chez CAP Vision nous proposons un accompagnement sur mesure \u2714\ufe0f une assistance au quotidien \u2714\ufe0fun accompagnement d\u00e9di\u00e9 \u00e0 la migration vers Business Central \u2714\ufe0f","og_url":"https:\/\/www.capvision.fr\/en\/services\/","og_site_name":"CAP Vision","article_publisher":"https:\/\/www.facebook.com\/cap.vision.erp\/","article_modified_time":"2024-10-25T08:34:56+00:00","og_image":[{"width":1200,"height":675,"url":"https:\/\/www.capvision.fr\/wp-inside\/uploads\/2024\/10\/cap-vision-og.jpg","type":"image\/jpeg"}],"twitter_card":"summary_large_image","twitter_site":"@CapVisionErp","schema":{"@context":"https:\/\/schema.org","@graph":[{"@type":"WebPage","@id":"https:\/\/www.capvision.fr\/en\/services\/","url":"https:\/\/www.capvision.fr\/en\/services\/","name":"D\u00e9couvrez nos services : Int\u00e9grateur & \u00e9diteur d'ERP Microsoft Dynamics","isPartOf":{"@id":"https:\/\/www.capvision.fr\/en\/#website"},"datePublished":"2024-10-20T21:47:56+00:00","dateModified":"2024-10-25T08:34:56+00:00","description":"Chez CAP Vision nous proposons un accompagnement sur mesure \u2714\ufe0f une assistance au quotidien \u2714\ufe0fun accompagnement d\u00e9di\u00e9 \u00e0 la migration vers Business Central \u2714\ufe0f","breadcrumb":{"@id":"https:\/\/www.capvision.fr\/en\/services\/#breadcrumb"},"inLanguage":"en-US","potentialAction":[{"@type":"ReadAction","target":["https:\/\/www.capvision.fr\/en\/services\/"]}]},{"@type":"BreadcrumbList","@id":"https:\/\/www.capvision.fr\/en\/services\/#breadcrumb","itemListElement":[{"@type":"ListItem","position":1,"name":"Home","item":"https:\/\/www.capvision.fr\/en\/"},{"@type":"ListItem","position":2,"name":"Services"}]},{"@type":"WebSite","@id":"https:\/\/www.capvision.fr\/en\/#website","url":"https:\/\/www.capvision.fr\/en\/","name":"CAP Vision","description":"Int\u00e9grateur Microsoft Dynamics 365 Business Central","publisher":{"@id":"https:\/\/www.capvision.fr\/en\/#organization"},"potentialAction":[{"@type":"SearchAction","target":{"@type":"EntryPoint","urlTemplate":"https:\/\/www.capvision.fr\/en\/?s={search_term_string}"},"query-input":{"@type":"PropertyValueSpecification","valueRequired":true,"valueName":"search_term_string"}}],"inLanguage":"en-US"},{"@type":"Organization","@id":"https:\/\/www.capvision.fr\/en\/#organization","name":"CAP Vision","url":"https:\/\/www.capvision.fr\/en\/","logo":{"@type":"ImageObject","inLanguage":"en-US","@id":"https:\/\/www.capvision.fr\/en\/#\/schema\/logo\/image\/","url":"https:\/\/www.capvision.fr\/wp-inside\/uploads\/2024\/10\/logo2-cap-vision-maj09-20.png","contentUrl":"https:\/\/www.capvision.fr\/wp-inside\/uploads\/2024\/10\/logo2-cap-vision-maj09-20.png","width":1103,"height":568,"caption":"CAP Vision"},"image":{"@id":"https:\/\/www.capvision.fr\/en\/#\/schema\/logo\/image\/"},"sameAs":["https:\/\/www.facebook.com\/cap.vision.erp\/","https:\/\/x.com\/CapVisionErp","https:\/\/www.linkedin.com\/company\/cap-vision","https:\/\/youtube.com\/@capvision-erp"]}]}},"_links":{"self":[{"href":"https:\/\/www.capvision.fr\/en\/wp-json\/wp\/v2\/pages\/5023","targetHints":{"allow":["GET"]}}],"collection":[{"href":"https:\/\/www.capvision.fr\/en\/wp-json\/wp\/v2\/pages"}],"about":[{"href":"https:\/\/www.capvision.fr\/en\/wp-json\/wp\/v2\/types\/page"}],"author":[{"embeddable":true,"href":"https:\/\/www.capvision.fr\/en\/wp-json\/wp\/v2\/users\/2"}],"replies":[{"embeddable":true,"href":"https:\/\/www.capvision.fr\/en\/wp-json\/wp\/v2\/comments?post=5023"}],"version-history":[{"count":1,"href":"https:\/\/www.capvision.fr\/en\/wp-json\/wp\/v2\/pages\/5023\/revisions"}],"predecessor-version":[{"id":5024,"href":"https:\/\/www.capvision.fr\/en\/wp-json\/wp\/v2\/pages\/5023\/revisions\/5024"}],"wp:attachment":[{"href":"https:\/\/www.capvision.fr\/en\/wp-json\/wp\/v2\/media?parent=5023"}],"curies":[{"name":"wp","href":"https:\/\/api.w.org\/{rel}","templated":true}]}}